{"id":1744,"date":"2025-05-01T10:06:45","date_gmt":"2025-05-01T07:06:45","guid":{"rendered":"https:\/\/fier.com.tr\/roofmenu\/?page_id=1744"},"modified":"2025-07-01T17:12:26","modified_gmt":"2025-07-01T14:12:26","slug":"canli-muzik-takvimi","status":"publish","type":"page","link":"https:\/\/fier.com.tr\/roofmenu\/canli-muzik-takvimi\/","title":{"rendered":"Canl\u0131 M\u00fczik Takvimi"},"content":{"rendered":"<section class=\"l-section wpb_row height_medium\"><div class=\"l-section-overlay\" style=\"background:#000000\"><\/div><div class=\"l-section-h i-cf\"><div class=\"g-cols vc_row via_flex valign_top type_default stacking_default\"><div class=\"vc_col-sm-12 wpb_column vc_column_container\"><div class=\"vc_column-inner\"><div class=\"wpb_wrapper\"><div class=\"w-btn-wrapper align_justify\"><a class=\"w-btn us-btn-style_3 us_custom_fa625d66 has_text_color icon_atleft\" href=\"https:\/\/fier.com.tr\/roofmenu\/\"><i class=\"far fa-arrow-left\"><\/i><span class=\"w-btn-label\">QR Men\u00fcy\u00fc G\u00f6r\u00fcnt\u00fcle<\/span><\/a><\/div><section class=\"l-section wpb_row us_custom_b6a72ce1 height_medium\"><div class=\"l-section-h i-cf\"><div class=\"g-cols vc_row via_flex valign_top type_default stacking_default\"><div class=\"vc_col-sm-12 wpb_column vc_column_container\"><div class=\"vc_column-inner\"><div class=\"wpb_wrapper\"><div class=\"w-image align_none\"><div class=\"w-image-h\"><img decoding=\"async\" width=\"1080\" height=\"1096\" src=\"https:\/\/fier.com.tr\/roofmenu\/wp-content\/uploads\/2024\/07\/event-header.jpg\" class=\"attachment-full size-full\" alt=\"\" loading=\"lazy\" srcset=\"https:\/\/fier.com.tr\/roofmenu\/wp-content\/uploads\/2024\/07\/event-header.jpg 1080w, https:\/\/fier.com.tr\/roofmenu\/wp-content\/uploads\/2024\/07\/event-header-296x300.jpg 296w, https:\/\/fier.com.tr\/roofmenu\/wp-content\/uploads\/2024\/07\/event-header-1009x1024.jpg 1009w\" sizes=\"auto, (max-width: 1080px) 100vw, 1080px\" \/><\/div><\/div><div class=\"w-text us_custom_476c9d9b has_text_color\"><span class=\"w-text-h\"><span class=\"w-text-value\">06-12 N\u0130SAN<\/span><\/span><\/div><div class=\"w-separator size_small\"><\/div><div class=\"w-vwrapper align_center valign_middle\" style=\"--vwrapper-gap:0.2rem\"><div class=\"w-text us_custom_4ad49902 has_text_color\"><span class=\"w-text-h\"><span class=\"w-text-value\">Fulya TEM\u0130R<\/span><\/span><\/div><div class=\"w-text us_custom_75c33ccd has_text_color\"><span class=\"w-text-h\"><span class=\"w-text-value\">06.04.2026 &#8211; Pazartesi<\/span><\/span><\/div><div class=\"w-separator us_custom_5cf84ced has_text_color size_small with_line width_30 thick_1 style_solid color_text align_center\"><div class=\"w-separator-h\"><\/div><\/div><\/div><div class=\"w-vwrapper align_center valign_middle\" style=\"--vwrapper-gap:0.2rem\"><div class=\"w-text us_custom_4ad49902 has_text_color\"><span class=\"w-text-h\"><span class=\"w-text-value\">FASIL<\/span><\/span><\/div><div class=\"w-text us_custom_75c33ccd has_text_color\"><span class=\"w-text-h\"><span class=\"w-text-value\">07.04.2026 &#8211; Sal\u0131<\/span><\/span><\/div><div class=\"w-separator us_custom_5cf84ced has_text_color size_small with_line width_30 thick_1 style_solid color_text align_center\"><div class=\"w-separator-h\"><\/div><\/div><\/div><div class=\"w-vwrapper align_center valign_middle\" style=\"--vwrapper-gap:0.2rem\"><div class=\"w-text us_custom_4ad49902 has_text_color\"><span class=\"w-text-h\"><span class=\"w-text-value\">Meryem KADERO<\/span><\/span><\/div><div class=\"w-text us_custom_75c33ccd has_text_color\"><span class=\"w-text-h\"><span class=\"w-text-value\">08.04.2026 &#8211; \u00c7ar\u015famba<\/span><\/span><\/div><div class=\"w-separator us_custom_5cf84ced has_text_color size_small with_line width_30 thick_1 style_solid color_text align_center\"><div class=\"w-separator-h\"><\/div><\/div><\/div><div class=\"w-vwrapper align_center valign_middle\" style=\"--vwrapper-gap:0.2rem\"><div class=\"w-text us_custom_4ad49902 has_text_color\"><span class=\"w-text-h\"><span class=\"w-text-value\">Buse VAROL<\/span><\/span><\/div><div class=\"w-text us_custom_75c33ccd has_text_color\"><span class=\"w-text-h\"><span class=\"w-text-value\">09.04.2026 &#8211; Per\u015fembe<\/span><\/span><\/div><div class=\"w-separator us_custom_5cf84ced has_text_color size_small with_line width_30 thick_1 style_solid color_text align_center\"><div class=\"w-separator-h\"><\/div><\/div><\/div><div class=\"w-vwrapper align_center valign_middle\" style=\"--vwrapper-gap:0.2rem\"><div class=\"w-text us_custom_4ad49902 has_text_color\"><span class=\"w-text-h\"><span class=\"w-text-value\">Derya YAYLAG\u00dcL<\/span><\/span><\/div><div class=\"w-text us_custom_75c33ccd has_text_color\"><span class=\"w-text-h\"><span class=\"w-text-value\">10.04.2026 &#8211; Cuma<\/span><\/span><\/div><div class=\"w-separator us_custom_5cf84ced has_text_color size_small with_line width_30 thick_1 style_solid color_text align_center\"><div class=\"w-separator-h\"><\/div><\/div><\/div><div class=\"w-vwrapper align_center valign_middle\" style=\"--vwrapper-gap:0.2rem\"><div class=\"w-text us_custom_4ad49902 has_text_color\"><span class=\"w-text-h\"><span class=\"w-text-value\">Gizem \u00d6KS\u00dcZ<\/span><\/span><\/div><div class=\"w-text us_custom_75c33ccd has_text_color\"><span class=\"w-text-h\"><span class=\"w-text-value\">11.04.2026 &#8211; Cumartesi<\/span><\/span><\/div><div class=\"w-separator us_custom_5cf84ced has_text_color size_small with_line width_30 thick_1 style_solid color_text align_center\"><div class=\"w-separator-h\"><\/div><\/div><\/div><div class=\"w-separator size_medium\"><\/div><div class=\"w-text us_custom_2aa432da has_text_color\"><span class=\"w-text-h\"><span class=\"w-text-value\">REZERVASYON \u0130\u00c7\u0130N<\/span><\/span><\/div><div class=\"w-text us_custom_004d1ac3 has_text_color\"><span class=\"w-text-h\"><span class=\"w-text-value\">+90 352 333 36 36 | +90 533 145 13 73<\/span><\/span><\/div><div class=\"w-separator size_medium\"><\/div><\/div><\/div><\/div><\/div><\/div><\/section>\n<div class=\"w-post-elm post_custom_field hide_on_default hide_on_laptops hide_on_tablets hide_on_mobiles type_repeater canli_muzik_listesi color_link_inherit display_table\"><div class=\"repeater\"><div class=\"repeater-row\"><div class=\"repeater-field sanatci_fotografi\"><\/div> <div class=\"repeater-field sanatci_adi\">Fulya TEM\u0130R<\/div> <div class=\"repeater-field etkinlik_tarihi\">30\/06\/2025<\/div> <\/div><div class=\"repeater-row\"><div class=\"repeater-field sanatci_fotografi\"><img loading=\"lazy\" decoding=\"async\" width=\"400\" height=\"400\" src=\"https:\/\/fier.com.tr\/roofmenu\/wp-content\/uploads\/2025\/03\/favicon.jpg\" class=\"attachment-large size-large\" alt=\"\" srcset=\"https:\/\/fier.com.tr\/roofmenu\/wp-content\/uploads\/2025\/03\/favicon.jpg 512w, https:\/\/fier.com.tr\/roofmenu\/wp-content\/uploads\/2025\/03\/favicon-300x300.jpg 300w, https:\/\/fier.com.tr\/roofmenu\/wp-content\/uploads\/2025\/03\/favicon-150x150.jpg 150w\" sizes=\"auto, (max-width: 400px) 100vw, 400px\" \/><\/div> <div class=\"repeater-field sanatci_adi\">FASIL<\/div> <div class=\"repeater-field etkinlik_tarihi\">01\/07\/2025<\/div> <\/div><div class=\"repeater-row\"><div class=\"repeater-field sanatci_fotografi\"><img loading=\"lazy\" decoding=\"async\" width=\"400\" height=\"400\" src=\"https:\/\/fier.com.tr\/roofmenu\/wp-content\/uploads\/2025\/03\/favicon.jpg\" class=\"attachment-large size-large\" alt=\"\" srcset=\"https:\/\/fier.com.tr\/roofmenu\/wp-content\/uploads\/2025\/03\/favicon.jpg 512w, https:\/\/fier.com.tr\/roofmenu\/wp-content\/uploads\/2025\/03\/favicon-300x300.jpg 300w, https:\/\/fier.com.tr\/roofmenu\/wp-content\/uploads\/2025\/03\/favicon-150x150.jpg 150w\" sizes=\"auto, (max-width: 400px) 100vw, 400px\" \/><\/div> <div class=\"repeater-field sanatci_adi\">Ceren KILI\u00c7<\/div> <div class=\"repeater-field etkinlik_tarihi\">02\/07\/2025<\/div> <\/div><div class=\"repeater-row\"><div class=\"repeater-field sanatci_fotografi\"><img loading=\"lazy\" decoding=\"async\" width=\"400\" height=\"400\" src=\"https:\/\/fier.com.tr\/roofmenu\/wp-content\/uploads\/2025\/03\/favicon.jpg\" class=\"attachment-large size-large\" alt=\"\" srcset=\"https:\/\/fier.com.tr\/roofmenu\/wp-content\/uploads\/2025\/03\/favicon.jpg 512w, https:\/\/fier.com.tr\/roofmenu\/wp-content\/uploads\/2025\/03\/favicon-300x300.jpg 300w, https:\/\/fier.com.tr\/roofmenu\/wp-content\/uploads\/2025\/03\/favicon-150x150.jpg 150w\" sizes=\"auto, (max-width: 400px) 100vw, 400px\" \/><\/div> <div class=\"repeater-field sanatci_adi\">Rabiya KURT<\/div> <div class=\"repeater-field etkinlik_tarihi\">04\/07\/2025<\/div> <\/div><div class=\"repeater-row\"><div class=\"repeater-field sanatci_fotografi\"><img loading=\"lazy\" decoding=\"async\" width=\"400\" height=\"400\" src=\"https:\/\/fier.com.tr\/roofmenu\/wp-content\/uploads\/2025\/03\/favicon.jpg\" class=\"attachment-large size-large\" alt=\"\" srcset=\"https:\/\/fier.com.tr\/roofmenu\/wp-content\/uploads\/2025\/03\/favicon.jpg 512w, https:\/\/fier.com.tr\/roofmenu\/wp-content\/uploads\/2025\/03\/favicon-300x300.jpg 300w, https:\/\/fier.com.tr\/roofmenu\/wp-content\/uploads\/2025\/03\/favicon-150x150.jpg 150w\" sizes=\"auto, (max-width: 400px) 100vw, 400px\" \/><\/div> <div class=\"repeater-field sanatci_adi\">Ahsen G\u00d6\u00c7MEN<\/div> <div class=\"repeater-field etkinlik_tarihi\">05\/07\/2025<\/div> <\/div><\/div><\/div><div class=\"w-btn-wrapper align_justify\"><a class=\"w-btn us-btn-style_3 us_custom_fa625d66 has_text_color icon_atleft\" href=\"https:\/\/fier.com.tr\/roofmenu\/\"><i class=\"far fa-arrow-left\"><\/i><span class=\"w-btn-label\">QR Men\u00fcy\u00fc G\u00f6r\u00fcnt\u00fcle<\/span><\/a><\/div><\/div><\/div><\/div><\/div><\/div><\/section>\n","protected":false},"excerpt":{"rendered":"QR Men\u00fcy\u00fc G\u00f6r\u00fcnt\u00fcle06-12 N\u0130SANFulya TEM\u0130R06.04.2026 &#8211; PazartesiFASIL07.04.2026 &#8211; Sal\u0131Meryem KADERO08.04.2026 &#8211; \u00c7ar\u015fambaBuse VAROL09.04.2026 &#8211; Per\u015fembeDerya YAYLAG\u00dcL10.04.2026 &#8211; CumaGizem \u00d6KS\u00dcZ11.04.2026 &#8211; CumartesiREZERVASYON \u0130\u00c7\u0130N+90 352 333 36 36 | +90 533 145 13 73 Fulya TEM\u0130R 30\/06\/2025 FASIL 01\/07\/2025 Ceren KILI\u00c7 02\/07\/2025 Rabiya KURT 04\/07\/2025 Ahsen G\u00d6\u00c7MEN 05\/07\/2025 QR Men\u00fcy\u00fc G\u00f6r\u00fcnt\u00fcle","protected":false},"author":7,"featured_media":0,"parent":0,"menu_order":1,"comment_status":"closed","ping_status":"closed","template":"","meta":{"footnotes":"","_wp_rev_ctl_limit":""},"class_list":["post-1744","page","type-page","status-publish","hentry"],"acf":[],"_links":{"self":[{"href":"https:\/\/fier.com.tr\/roofmenu\/wp-json\/wp\/v2\/pages\/1744","targetHints":{"allow":["GET"]}}],"collection":[{"href":"https:\/\/fier.com.tr\/roofmenu\/wp-json\/wp\/v2\/pages"}],"about":[{"href":"https:\/\/fier.com.tr\/roofmenu\/wp-json\/wp\/v2\/types\/page"}],"author":[{"embeddable":true,"href":"https:\/\/fier.com.tr\/roofmenu\/wp-json\/wp\/v2\/users\/7"}],"replies":[{"embeddable":true,"href":"https:\/\/fier.com.tr\/roofmenu\/wp-json\/wp\/v2\/comments?post=1744"}],"version-history":[{"count":5,"href":"https:\/\/fier.com.tr\/roofmenu\/wp-json\/wp\/v2\/pages\/1744\/revisions"}],"predecessor-version":[{"id":1816,"href":"https:\/\/fier.com.tr\/roofmenu\/wp-json\/wp\/v2\/pages\/1744\/revisions\/1816"}],"wp:attachment":[{"href":"https:\/\/fier.com.tr\/roofmenu\/wp-json\/wp\/v2\/media?parent=1744"}],"curies":[{"name":"wp","href":"https:\/\/api.w.org\/{rel}","templated":true}]}}